{"id":4546,"date":"2024-12-17T12:02:23","date_gmt":"2024-12-17T12:02:23","guid":{"rendered":"https:\/\/rampart.ba\/?post_type=product&#038;p=4546"},"modified":"2025-07-03T13:35:03","modified_gmt":"2025-07-03T13:35:03","slug":"petit-biscuits-sa-kakao-prahom-400g","status":"publish","type":"product","link":"https:\/\/rampart.ba\/en\/product\/petit-biscuits-sa-kakao-prahom-400g\/","title":{"rendered":"Petit biscuits sa kakao prahom 400g"},"content":{"rendered":"<p data-start=\"48\" data-end=\"307\">Neodoljiva kombinacija prhkog keksa i punog kakao okusa. Ovaj keks je idealan za svakodnevno u\u017eivanje \u2013 bilo da ga grickate samostalno, uma\u010dete u mlijeko ili koristite kao osnovu za razne kola\u010de i deserte.<\/p>\n<p data-start=\"309\" data-end=\"365\">Jednostavan, ukusan i uvijek spreman da zasladi va\u0161 dan.<\/p>","protected":false},"excerpt":{"rendered":"<p>Neodoljiva kombinacija prhkog keksa i punog kakao okusa. Ovaj keks je idealan za svakodnevno u\u017eivanje \u2013 bilo da ga grickate samostalno, uma\u010dete u mlijeko ili koristite kao osnovu za razne kola\u010de i deserte. Jednostavan, ukusan i uvijek spreman da zasladi va\u0161 dan.<\/p>","protected":false},"featured_media":5366,"comment_status":"open","ping_status":"closed","template":"","meta":{"_monsterinsights_skip_tracking":false,"_monsterinsights_sitenote_active":false,"_monsterinsights_sitenote_note":"","_monsterinsights_sitenote_category":0,"site-sidebar-layout":"default","site-content-layout":"","ast-site-content-layout":"default","site-content-style":"default","site-sidebar-style":"default","ast-global-header-display":"","ast-banner-title-visibility":"","ast-main-header-display":"","ast-hfb-above-header-display":"","ast-hfb-below-header-display":"","ast-hfb-mobile-header-display":"","site-post-title":"","ast-breadcrumbs-content":"","ast-featured-img":"","footer-sml-layout":"","theme-transparent-header-meta":"default","adv-header-id-meta":"","stick-header-meta":"","header-above-stick-meta":"","header-main-stick-meta":"","header-below-stick-meta":"","astra-migrate-meta-layouts":"set","ast-page-background-enabled":"default","ast-page-background-meta":{"desktop":{"background-color":"","background-image":"","background-repeat":"repeat","background-position":"center center","background-size":"auto","background-attachment":"scroll","background-type":"","background-media":"","overlay-type":"","overlay-color":"","overlay-opacity":"","overlay-gradient":""},"tablet":{"background-color":"","background-image":"","background-repeat":"repeat","background-position":"center center","background-size":"auto","background-attachment":"scroll","background-type":"","background-media":"","overlay-type":"","overlay-color":"","overlay-opacity":"","overlay-gradient":""},"mobile":{"background-color":"","background-image":"","background-repeat":"repeat","background-position":"center center","background-size":"auto","background-attachment":"scroll","background-type":"","background-media":"","overlay-type":"","overlay-color":"","overlay-opacity":"","overlay-gradient":""}},"ast-content-background-meta":{"desktop":{"background-color":"var(--ast-global-color-5)","background-image":"","background-repeat":"repeat","background-position":"center center","background-size":"auto","background-attachment":"scroll","background-type":"","background-media":"","overlay-type":"","overlay-color":"","overlay-opacity":"","overlay-gradient":""},"tablet":{"background-color":"var(--ast-global-color-5)","background-image":"","background-repeat":"repeat","background-position":"center center","background-size":"auto","background-attachment":"scroll","background-type":"","background-media":"","overlay-type":"","overlay-color":"","overlay-opacity":"","overlay-gradient":""},"mobile":{"background-color":"var(--ast-global-color-5)","background-image":"","background-repeat":"repeat","background-position":"center center","background-size":"auto","background-attachment":"scroll","background-type":"","background-media":"","overlay-type":"","overlay-color":"","overlay-opacity":"","overlay-gradient":""}}},"product_brand":[],"product_cat":[15],"product_tag":[],"class_list":{"0":"post-4546","1":"product","2":"type-product","3":"status-publish","4":"has-post-thumbnail","6":"product_cat-nekategorizovano","7":"desktop-align-left","8":"tablet-align-left","9":"mobile-align-left","11":"first","12":"instock","13":"shipping-taxable","14":"product-type-simple"},"_links":{"self":[{"href":"https:\/\/rampart.ba\/en\/wp-json\/wp\/v2\/product\/4546","targetHints":{"allow":["GET"]}}],"collection":[{"href":"https:\/\/rampart.ba\/en\/wp-json\/wp\/v2\/product"}],"about":[{"href":"https:\/\/rampart.ba\/en\/wp-json\/wp\/v2\/types\/product"}],"replies":[{"embeddable":true,"href":"https:\/\/rampart.ba\/en\/wp-json\/wp\/v2\/comments?post=4546"}],"version-history":[{"count":2,"href":"https:\/\/rampart.ba\/en\/wp-json\/wp\/v2\/product\/4546\/revisions"}],"predecessor-version":[{"id":5367,"href":"https:\/\/rampart.ba\/en\/wp-json\/wp\/v2\/product\/4546\/revisions\/5367"}],"wp:featuredmedia":[{"embeddable":true,"href":"https:\/\/rampart.ba\/en\/wp-json\/wp\/v2\/media\/5366"}],"wp:attachment":[{"href":"https:\/\/rampart.ba\/en\/wp-json\/wp\/v2\/media?parent=4546"}],"wp:term":[{"taxonomy":"product_brand","embeddable":true,"href":"https:\/\/rampart.ba\/en\/wp-json\/wp\/v2\/product_brand?post=4546"},{"taxonomy":"product_cat","embeddable":true,"href":"https:\/\/rampart.ba\/en\/wp-json\/wp\/v2\/product_cat?post=4546"},{"taxonomy":"product_tag","embeddable":true,"href":"https:\/\/rampart.ba\/en\/wp-json\/wp\/v2\/product_tag?post=4546"}],"curies":[{"name":"wp","href":"https:\/\/api.w.org\/{rel}","templated":true}]}}