{"id":4570,"date":"2024-12-17T12:10:15","date_gmt":"2024-12-17T12:10:15","guid":{"rendered":"https:\/\/rampart.ba\/?post_type=product&#038;p=4570"},"modified":"2025-01-30T12:13:50","modified_gmt":"2025-01-30T12:13:50","slug":"napolitanke-sa-okusom-ljesnjaka-170g","status":"publish","type":"product","link":"https:\/\/rampart.ba\/en\/product\/napolitanke-sa-okusom-ljesnjaka-170g\/","title":{"rendered":"Napolitanke sa okusom Lje\u0161njaka 170g"},"content":{"rendered":"<p>Ove napolitanke donose savr\u0161en u\u017eitak u svakom zalogaju. Bogat okus lje\u0161njaka u kremastoj unutra\u0161njosti savr\u0161eno se spaja s hrskavom korom. Idealne za ljubitelje ora\u0161astih plodova, pru\u017eaju uravnote\u017een i nje\u017ean okus koji odu\u0161evljava. Napolitanke sa okusom lje\u0161njaka su odli\u010dan izbor za u\u017eivanje uz omiljeni napitak, bilo da je to \u010daj, kafa ili mlijeko, te kao ukusan desert u bilo kojem trenutku.<\/p>","protected":false},"excerpt":{"rendered":"<p>Hrskave napolitanke sa bogatim, kremastim okusom lje\u0161njaka. Savr\u0161en spoj ora\u0161astih plodova i slatke teksture u svakom zalogaju.<\/p>","protected":false},"featured_media":5181,"comment_status":"open","ping_status":"closed","template":"","meta":{"_monsterinsights_skip_tracking":false,"_monsterinsights_sitenote_active":false,"_monsterinsights_sitenote_note":"","_monsterinsights_sitenote_category":0,"site-sidebar-layout":"default","site-content-layout":"","ast-site-content-layout":"default","site-content-style":"default","site-sidebar-style":"default","ast-global-header-display":"","ast-banner-title-visibility":"","ast-main-header-display":"","ast-hfb-above-header-display":"","ast-hfb-below-header-display":"","ast-hfb-mobile-header-display":"","site-post-title":"","ast-breadcrumbs-content":"","ast-featured-img":"","footer-sml-layout":"","theme-transparent-header-meta":"default","adv-header-id-meta":"","stick-header-meta":"","header-above-stick-meta":"","header-main-stick-meta":"","header-below-stick-meta":"","astra-migrate-meta-layouts":"set","ast-page-background-enabled":"default","ast-page-background-meta":{"desktop":{"background-color":"","background-image":"","background-repeat":"repeat","background-position":"center center","background-size":"auto","background-attachment":"scroll","background-type":"","background-media":"","overlay-type":"","overlay-color":"","overlay-opacity":"","overlay-gradient":""},"tablet":{"background-color":"","background-image":"","background-repeat":"repeat","background-position":"center center","background-size":"auto","background-attachment":"scroll","background-type":"","background-media":"","overlay-type":"","overlay-color":"","overlay-opacity":"","overlay-gradient":""},"mobile":{"background-color":"","background-image":"","background-repeat":"repeat","background-position":"center center","background-size":"auto","background-attachment":"scroll","background-type":"","background-media":"","overlay-type":"","overlay-color":"","overlay-opacity":"","overlay-gradient":""}},"ast-content-background-meta":{"desktop":{"background-color":"var(--ast-global-color-5)","background-image":"","background-repeat":"repeat","background-position":"center center","background-size":"auto","background-attachment":"scroll","background-type":"","background-media":"","overlay-type":"","overlay-color":"","overlay-opacity":"","overlay-gradient":""},"tablet":{"background-color":"var(--ast-global-color-5)","background-image":"","background-repeat":"repeat","background-position":"center center","background-size":"auto","background-attachment":"scroll","background-type":"","background-media":"","overlay-type":"","overlay-color":"","overlay-opacity":"","overlay-gradient":""},"mobile":{"background-color":"var(--ast-global-color-5)","background-image":"","background-repeat":"repeat","background-position":"center center","background-size":"auto","background-attachment":"scroll","background-type":"","background-media":"","overlay-type":"","overlay-color":"","overlay-opacity":"","overlay-gradient":""}}},"product_brand":[],"product_cat":[15],"product_tag":[],"class_list":{"0":"post-4570","1":"product","2":"type-product","3":"status-publish","4":"has-post-thumbnail","6":"product_cat-nekategorizovano","7":"desktop-align-left","8":"tablet-align-left","9":"mobile-align-left","11":"first","12":"instock","13":"shipping-taxable","14":"product-type-simple"},"_links":{"self":[{"href":"https:\/\/rampart.ba\/en\/wp-json\/wp\/v2\/product\/4570","targetHints":{"allow":["GET"]}}],"collection":[{"href":"https:\/\/rampart.ba\/en\/wp-json\/wp\/v2\/product"}],"about":[{"href":"https:\/\/rampart.ba\/en\/wp-json\/wp\/v2\/types\/product"}],"replies":[{"embeddable":true,"href":"https:\/\/rampart.ba\/en\/wp-json\/wp\/v2\/comments?post=4570"}],"version-history":[{"count":3,"href":"https:\/\/rampart.ba\/en\/wp-json\/wp\/v2\/product\/4570\/revisions"}],"predecessor-version":[{"id":5256,"href":"https:\/\/rampart.ba\/en\/wp-json\/wp\/v2\/product\/4570\/revisions\/5256"}],"wp:featuredmedia":[{"embeddable":true,"href":"https:\/\/rampart.ba\/en\/wp-json\/wp\/v2\/media\/5181"}],"wp:attachment":[{"href":"https:\/\/rampart.ba\/en\/wp-json\/wp\/v2\/media?parent=4570"}],"wp:term":[{"taxonomy":"product_brand","embeddable":true,"href":"https:\/\/rampart.ba\/en\/wp-json\/wp\/v2\/product_brand?post=4570"},{"taxonomy":"product_cat","embeddable":true,"href":"https:\/\/rampart.ba\/en\/wp-json\/wp\/v2\/product_cat?post=4570"},{"taxonomy":"product_tag","embeddable":true,"href":"https:\/\/rampart.ba\/en\/wp-json\/wp\/v2\/product_tag?post=4570"}],"curies":[{"name":"wp","href":"https:\/\/api.w.org\/{rel}","templated":true}]}}