{"id":4683,"date":"2024-12-17T12:29:46","date_gmt":"2024-12-17T12:29:46","guid":{"rendered":"https:\/\/rampart.ba\/?post_type=product&#038;p=4683"},"modified":"2025-07-03T12:10:18","modified_gmt":"2025-07-03T12:10:18","slug":"kremko-cajno-pecivo-punjeno-kakao-kremom-700g","status":"publish","type":"product","link":"https:\/\/rampart.ba\/en\/product\/kremko-cajno-pecivo-punjeno-kakao-kremom-700g\/","title":{"rendered":"Kremko &#8211; \u010cajno pecivo punjeno kakao kremom 700g"},"content":{"rendered":"<p>Delikatna hrskava korica koja skriva bogat kakao krem, \u010dini ovaj keks savr\u0161enim izborom za ljubitelje \u010dokolade. Svaka kockica donosi pravo u\u017eivanje u punom okusu, a kombinacija nje\u017enog peciva i kremaste unutra\u0161njosti stvara savr\u0161en spoj. Ovi keksi su odli\u010dan izbor za u\u017eivanje uz \u010daj, kafu ili mlijeko, ali i kao slatki snack u bilo kojem trenutku dana. \u010cajno pecivo punjeno kakao kremom pru\u017ea savr\u0161en ugo\u0111aj i u\u017eitak u svakom zalogaju.<\/p>","protected":false},"excerpt":{"rendered":"<p>Hrskavi keksi punjeni bogatom kakao kremom, savr\u0161eni za sve ljubitelje \u010dokolade. Idealni za u\u017eivanje uz \u010daj, kafu ili kao ukusan desert.<\/p>","protected":false},"featured_media":5332,"comment_status":"open","ping_status":"closed","template":"","meta":{"_monsterinsights_skip_tracking":false,"_monsterinsights_sitenote_active":false,"_monsterinsights_sitenote_note":"","_monsterinsights_sitenote_category":0,"site-sidebar-layout":"default","site-content-layout":"","ast-site-content-layout":"default","site-content-style":"default","site-sidebar-style":"default","ast-global-header-display":"","ast-banner-title-visibility":"","ast-main-header-display":"","ast-hfb-above-header-display":"","ast-hfb-below-header-display":"","ast-hfb-mobile-header-display":"","site-post-title":"","ast-breadcrumbs-content":"","ast-featured-img":"","footer-sml-layout":"","theme-transparent-header-meta":"default","adv-header-id-meta":"","stick-header-meta":"","header-above-stick-meta":"","header-main-stick-meta":"","header-below-stick-meta":"","astra-migrate-meta-layouts":"set","ast-page-background-enabled":"default","ast-page-background-meta":{"desktop":{"background-color":"","background-image":"","background-repeat":"repeat","background-position":"center center","background-size":"auto","background-attachment":"scroll","background-type":"","background-media":"","overlay-type":"","overlay-color":"","overlay-opacity":"","overlay-gradient":""},"tablet":{"background-color":"","background-image":"","background-repeat":"repeat","background-position":"center center","background-size":"auto","background-attachment":"scroll","background-type":"","background-media":"","overlay-type":"","overlay-color":"","overlay-opacity":"","overlay-gradient":""},"mobile":{"background-color":"","background-image":"","background-repeat":"repeat","background-position":"center center","background-size":"auto","background-attachment":"scroll","background-type":"","background-media":"","overlay-type":"","overlay-color":"","overlay-opacity":"","overlay-gradient":""}},"ast-content-background-meta":{"desktop":{"background-color":"var(--ast-global-color-5)","background-image":"","background-repeat":"repeat","background-position":"center center","background-size":"auto","background-attachment":"scroll","background-type":"","background-media":"","overlay-type":"","overlay-color":"","overlay-opacity":"","overlay-gradient":""},"tablet":{"background-color":"var(--ast-global-color-5)","background-image":"","background-repeat":"repeat","background-position":"center center","background-size":"auto","background-attachment":"scroll","background-type":"","background-media":"","overlay-type":"","overlay-color":"","overlay-opacity":"","overlay-gradient":""},"mobile":{"background-color":"var(--ast-global-color-5)","background-image":"","background-repeat":"repeat","background-position":"center center","background-size":"auto","background-attachment":"scroll","background-type":"","background-media":"","overlay-type":"","overlay-color":"","overlay-opacity":"","overlay-gradient":""}}},"product_brand":[],"product_cat":[15],"product_tag":[],"class_list":{"0":"post-4683","1":"product","2":"type-product","3":"status-publish","4":"has-post-thumbnail","6":"product_cat-nekategorizovano","7":"desktop-align-left","8":"tablet-align-left","9":"mobile-align-left","11":"first","12":"instock","13":"shipping-taxable","14":"product-type-simple"},"_links":{"self":[{"href":"https:\/\/rampart.ba\/en\/wp-json\/wp\/v2\/product\/4683","targetHints":{"allow":["GET"]}}],"collection":[{"href":"https:\/\/rampart.ba\/en\/wp-json\/wp\/v2\/product"}],"about":[{"href":"https:\/\/rampart.ba\/en\/wp-json\/wp\/v2\/types\/product"}],"replies":[{"embeddable":true,"href":"https:\/\/rampart.ba\/en\/wp-json\/wp\/v2\/comments?post=4683"}],"version-history":[{"count":3,"href":"https:\/\/rampart.ba\/en\/wp-json\/wp\/v2\/product\/4683\/revisions"}],"predecessor-version":[{"id":4787,"href":"https:\/\/rampart.ba\/en\/wp-json\/wp\/v2\/product\/4683\/revisions\/4787"}],"wp:featuredmedia":[{"embeddable":true,"href":"https:\/\/rampart.ba\/en\/wp-json\/wp\/v2\/media\/5332"}],"wp:attachment":[{"href":"https:\/\/rampart.ba\/en\/wp-json\/wp\/v2\/media?parent=4683"}],"wp:term":[{"taxonomy":"product_brand","embeddable":true,"href":"https:\/\/rampart.ba\/en\/wp-json\/wp\/v2\/product_brand?post=4683"},{"taxonomy":"product_cat","embeddable":true,"href":"https:\/\/rampart.ba\/en\/wp-json\/wp\/v2\/product_cat?post=4683"},{"taxonomy":"product_tag","embeddable":true,"href":"https:\/\/rampart.ba\/en\/wp-json\/wp\/v2\/product_tag?post=4683"}],"curies":[{"name":"wp","href":"https:\/\/api.w.org\/{rel}","templated":true}]}}