{"id":4849,"date":"2024-12-24T14:08:36","date_gmt":"2024-12-24T14:08:36","guid":{"rendered":"https:\/\/rampart.ba\/?post_type=product&#038;p=4849"},"modified":"2024-12-24T14:08:36","modified_gmt":"2024-12-24T14:08:36","slug":"napolitanke-sa-okusom-kokosa-200gr","status":"publish","type":"product","link":"https:\/\/rampart.ba\/en\/product\/napolitanke-sa-okusom-kokosa-200gr\/","title":{"rendered":"Napolitanke sa okusom kokosa 200gr"},"content":{"rendered":"<p>Ove napolitanke donose savr\u0161en spoj hrskave kore i bogatog okusa kokosa. Svaki sloj napolitanki pru\u017ea kremasti kokosni u\u017eitak, koji se odli\u010dno sla\u017ee s laganom teksturom. Napolitanke sa okusom kokosa su savr\u0161en izbor za ljubitelje kokosovih poslastica, idealne za u\u017eivanje uz \u010daj, kafu ili mlijeko. Bilo da ih konzumirate kao desert ili kao brzi zalogaj, ove napolitanke \u0107e zadovoljiti va\u0161u \u017eelju za slatkim.<\/p>","protected":false},"excerpt":{"rendered":"<p>Hrskave napolitanke s bogatim i aromati\u010dnim okusom kokosa. Savr\u0161en spoj hrskave kore i kremaste kokosove unutra\u0161njosti.<\/p>","protected":false},"featured_media":4767,"comment_status":"open","ping_status":"closed","template":"","meta":{"_monsterinsights_skip_tracking":false,"_monsterinsights_sitenote_active":false,"_monsterinsights_sitenote_note":"","_monsterinsights_sitenote_category":0,"site-sidebar-layout":"default","site-content-layout":"","ast-site-content-layout":"default","site-content-style":"default","site-sidebar-style":"default","ast-global-header-display":"","ast-banner-title-visibility":"","ast-main-header-display":"","ast-hfb-above-header-display":"","ast-hfb-below-header-display":"","ast-hfb-mobile-header-display":"","site-post-title":"","ast-breadcrumbs-content":"","ast-featured-img":"","footer-sml-layout":"","theme-transparent-header-meta":"default","adv-header-id-meta":"","stick-header-meta":"","header-above-stick-meta":"","header-main-stick-meta":"","header-below-stick-meta":"","astra-migrate-meta-layouts":"set","ast-page-background-enabled":"default","ast-page-background-meta":{"desktop":{"background-color":"","background-image":"","background-repeat":"repeat","background-position":"center center","background-size":"auto","background-attachment":"scroll","background-type":"","background-media":"","overlay-type":"","overlay-color":"","overlay-opacity":"","overlay-gradient":""},"tablet":{"background-color":"","background-image":"","background-repeat":"repeat","background-position":"center center","background-size":"auto","background-attachment":"scroll","background-type":"","background-media":"","overlay-type":"","overlay-color":"","overlay-opacity":"","overlay-gradient":""},"mobile":{"background-color":"","background-image":"","background-repeat":"repeat","background-position":"center center","background-size":"auto","background-attachment":"scroll","background-type":"","background-media":"","overlay-type":"","overlay-color":"","overlay-opacity":"","overlay-gradient":""}},"ast-content-background-meta":{"desktop":{"background-color":"var(--ast-global-color-5)","background-image":"","background-repeat":"repeat","background-position":"center center","background-size":"auto","background-attachment":"scroll","background-type":"","background-media":"","overlay-type":"","overlay-color":"","overlay-opacity":"","overlay-gradient":""},"tablet":{"background-color":"var(--ast-global-color-5)","background-image":"","background-repeat":"repeat","background-position":"center center","background-size":"auto","background-attachment":"scroll","background-type":"","background-media":"","overlay-type":"","overlay-color":"","overlay-opacity":"","overlay-gradient":""},"mobile":{"background-color":"var(--ast-global-color-5)","background-image":"","background-repeat":"repeat","background-position":"center center","background-size":"auto","background-attachment":"scroll","background-type":"","background-media":"","overlay-type":"","overlay-color":"","overlay-opacity":"","overlay-gradient":""}}},"product_brand":[],"product_cat":[15],"product_tag":[],"class_list":{"0":"post-4849","1":"product","2":"type-product","3":"status-publish","4":"has-post-thumbnail","6":"product_cat-nekategorizovano","7":"desktop-align-left","8":"tablet-align-left","9":"mobile-align-left","11":"first","12":"instock","13":"shipping-taxable","14":"product-type-simple"},"_links":{"self":[{"href":"https:\/\/rampart.ba\/en\/wp-json\/wp\/v2\/product\/4849","targetHints":{"allow":["GET"]}}],"collection":[{"href":"https:\/\/rampart.ba\/en\/wp-json\/wp\/v2\/product"}],"about":[{"href":"https:\/\/rampart.ba\/en\/wp-json\/wp\/v2\/types\/product"}],"replies":[{"embeddable":true,"href":"https:\/\/rampart.ba\/en\/wp-json\/wp\/v2\/comments?post=4849"}],"version-history":[{"count":1,"href":"https:\/\/rampart.ba\/en\/wp-json\/wp\/v2\/product\/4849\/revisions"}],"predecessor-version":[{"id":4850,"href":"https:\/\/rampart.ba\/en\/wp-json\/wp\/v2\/product\/4849\/revisions\/4850"}],"wp:featuredmedia":[{"embeddable":true,"href":"https:\/\/rampart.ba\/en\/wp-json\/wp\/v2\/media\/4767"}],"wp:attachment":[{"href":"https:\/\/rampart.ba\/en\/wp-json\/wp\/v2\/media?parent=4849"}],"wp:term":[{"taxonomy":"product_brand","embeddable":true,"href":"https:\/\/rampart.ba\/en\/wp-json\/wp\/v2\/product_brand?post=4849"},{"taxonomy":"product_cat","embeddable":true,"href":"https:\/\/rampart.ba\/en\/wp-json\/wp\/v2\/product_cat?post=4849"},{"taxonomy":"product_tag","embeddable":true,"href":"https:\/\/rampart.ba\/en\/wp-json\/wp\/v2\/product_tag?post=4849"}],"curies":[{"name":"wp","href":"https:\/\/api.w.org\/{rel}","templated":true}]}}