{"id":5291,"date":"2025-07-03T11:28:54","date_gmt":"2025-07-03T11:28:54","guid":{"rendered":"https:\/\/rampart.ba\/?post_type=product&#038;p=5291"},"modified":"2025-07-03T11:29:34","modified_gmt":"2025-07-03T11:29:34","slug":"napolitanke-sa-kakao-kremom-170g","status":"publish","type":"product","link":"https:\/\/rampart.ba\/en\/product\/napolitanke-sa-kakao-kremom-170g\/","title":{"rendered":"Napolitanke sa kakao kremom 170g"},"content":{"rendered":"<p data-start=\"64\" data-end=\"410\">U\u017eivajte u savr\u0161enom spoju hrskavih vafl listova i fine kakao kreme. Donose tradicionalni okus kojem se uvijek rado vra\u0107amo. Idealne su za svakodnevno u\u017eivanje, poslu\u017eenje uz kafu ili kao brza poslastica kad vam zatreba trenutak slatkog zadovoljstva.<\/p>\n<p data-start=\"412\" data-end=\"546\">Bez vje\u0161ta\u010dkih dodataka, pripremljene s posebnom pa\u017enjom i ljubavlju, ove napolitanke predstavljaju spoj kvaliteta i doma\u0107e recepture.<\/p>","protected":false},"excerpt":{"rendered":"<p>U\u017eivajte u savr\u0161enom spoju hrskavih vafl listova i fine kakao kreme. Donose tradicionalni okus kojem se uvijek rado vra\u0107amo. Idealne su za svakodnevno u\u017eivanje, poslu\u017eenje uz kafu ili kao brza poslastica kad vam zatreba trenutak slatkog zadovoljstva. Bez vje\u0161ta\u010dkih dodataka, pripremljene s posebnom pa\u017enjom i ljubavlju, ove napolitanke predstavljaju spoj kvaliteta i doma\u0107e recepture.<\/p>","protected":false},"featured_media":5293,"comment_status":"open","ping_status":"closed","template":"","meta":{"_monsterinsights_skip_tracking":false,"_monsterinsights_sitenote_active":false,"_monsterinsights_sitenote_note":"","_monsterinsights_sitenote_category":0,"site-sidebar-layout":"default","site-content-layout":"","ast-site-content-layout":"default","site-content-style":"default","site-sidebar-style":"default","ast-global-header-display":"","ast-banner-title-visibility":"","ast-main-header-display":"","ast-hfb-above-header-display":"","ast-hfb-below-header-display":"","ast-hfb-mobile-header-display":"","site-post-title":"","ast-breadcrumbs-content":"","ast-featured-img":"","footer-sml-layout":"","theme-transparent-header-meta":"default","adv-header-id-meta":"","stick-header-meta":"","header-above-stick-meta":"","header-main-stick-meta":"","header-below-stick-meta":"","astra-migrate-meta-layouts":"set","ast-page-background-enabled":"default","ast-page-background-meta":{"desktop":{"background-color":"","background-image":"","background-repeat":"repeat","background-position":"center center","background-size":"auto","background-attachment":"scroll","background-type":"","background-media":"","overlay-type":"","overlay-color":"","overlay-opacity":"","overlay-gradient":""},"tablet":{"background-color":"","background-image":"","background-repeat":"repeat","background-position":"center center","background-size":"auto","background-attachment":"scroll","background-type":"","background-media":"","overlay-type":"","overlay-color":"","overlay-opacity":"","overlay-gradient":""},"mobile":{"background-color":"","background-image":"","background-repeat":"repeat","background-position":"center center","background-size":"auto","background-attachment":"scroll","background-type":"","background-media":"","overlay-type":"","overlay-color":"","overlay-opacity":"","overlay-gradient":""}},"ast-content-background-meta":{"desktop":{"background-color":"var(--ast-global-color-5)","background-image":"","background-repeat":"repeat","background-position":"center center","background-size":"auto","background-attachment":"scroll","background-type":"","background-media":"","overlay-type":"","overlay-color":"","overlay-opacity":"","overlay-gradient":""},"tablet":{"background-color":"var(--ast-global-color-5)","background-image":"","background-repeat":"repeat","background-position":"center center","background-size":"auto","background-attachment":"scroll","background-type":"","background-media":"","overlay-type":"","overlay-color":"","overlay-opacity":"","overlay-gradient":""},"mobile":{"background-color":"var(--ast-global-color-5)","background-image":"","background-repeat":"repeat","background-position":"center center","background-size":"auto","background-attachment":"scroll","background-type":"","background-media":"","overlay-type":"","overlay-color":"","overlay-opacity":"","overlay-gradient":""}}},"product_brand":[],"product_cat":[15],"product_tag":[],"class_list":{"0":"post-5291","1":"product","2":"type-product","3":"status-publish","4":"has-post-thumbnail","6":"product_cat-nekategorizovano","7":"desktop-align-left","8":"tablet-align-left","9":"mobile-align-left","11":"first","12":"instock","13":"shipping-taxable","14":"product-type-simple"},"_links":{"self":[{"href":"https:\/\/rampart.ba\/en\/wp-json\/wp\/v2\/product\/5291","targetHints":{"allow":["GET"]}}],"collection":[{"href":"https:\/\/rampart.ba\/en\/wp-json\/wp\/v2\/product"}],"about":[{"href":"https:\/\/rampart.ba\/en\/wp-json\/wp\/v2\/types\/product"}],"replies":[{"embeddable":true,"href":"https:\/\/rampart.ba\/en\/wp-json\/wp\/v2\/comments?post=5291"}],"version-history":[{"count":1,"href":"https:\/\/rampart.ba\/en\/wp-json\/wp\/v2\/product\/5291\/revisions"}],"predecessor-version":[{"id":5292,"href":"https:\/\/rampart.ba\/en\/wp-json\/wp\/v2\/product\/5291\/revisions\/5292"}],"wp:featuredmedia":[{"embeddable":true,"href":"https:\/\/rampart.ba\/en\/wp-json\/wp\/v2\/media\/5293"}],"wp:attachment":[{"href":"https:\/\/rampart.ba\/en\/wp-json\/wp\/v2\/media?parent=5291"}],"wp:term":[{"taxonomy":"product_brand","embeddable":true,"href":"https:\/\/rampart.ba\/en\/wp-json\/wp\/v2\/product_brand?post=5291"},{"taxonomy":"product_cat","embeddable":true,"href":"https:\/\/rampart.ba\/en\/wp-json\/wp\/v2\/product_cat?post=5291"},{"taxonomy":"product_tag","embeddable":true,"href":"https:\/\/rampart.ba\/en\/wp-json\/wp\/v2\/product_tag?post=5291"}],"curies":[{"name":"wp","href":"https:\/\/api.w.org\/{rel}","templated":true}]}}